{"id":42,"date":"2016-10-01T11:02:08","date_gmt":"2016-10-01T15:02:08","guid":{"rendered":"http:\/\/local.elancia.com\/en\/?page_id=42"},"modified":"2023-02-13T09:05:50","modified_gmt":"2023-02-13T14:05:50","slug":"blog","status":"publish","type":"page","link":"https:\/\/elancia.ca\/en\/blog\/","title":{"rendered":"Blog"},"content":{"rendered":"<h2>Articles recently published\u2026 <span style=\"font-size: 16px;\">English content to come shortly!<\/span><\/h2>\n<h3><strong>\u00a0<\/strong>Executive Team or a Pseudo-Team?<\/h3>\n<p><img loading=\"lazy\" decoding=\"async\" class=\"alignleft  wp-image-253\" src=\"http:\/\/elancia.ca\/wp-content\/uploads\/2023\/02\/reunion-meeting.jpg\" alt=\"R\u00e9union meeting\" width=\"260\" height=\"174\" srcset=\"https:\/\/elancia.ca\/wp-content\/uploads\/2023\/02\/reunion-meeting.jpg 470w, https:\/\/elancia.ca\/wp-content\/uploads\/2023\/02\/reunion-meeting-300x200.jpg 300w\" sizes=\"auto, (max-width: 260px) 85vw, 260px\" \/>Systemic team coaching will support the Executive team in developing new reflexes to be able to work \u00a0better together, as a team.<\/p>\n<p>A proactive, agile and future-focused management team will increase its performance significantly.<\/p>\n<p><a href=\"https:\/\/carrefourrh.org\/ressources\/travailler-ensemble\/2023\/01\/equipe-direction-ou-pseudo-equipe\" target=\"_blank\" rel=\"noopener\">\u00c9quipe de direction ou pseudo-\u00e9quipe? (carrefourrh.org)<\/a><\/p>\n<h3>A Positive Manager Experience for Staff Retention<\/h3>\n<p>The Manager\u2019s leadership skills and emotional intelligence will impact their ability to communicate, develop their staff and give constructive feedback as well as recognition, on a regular basis.<\/p>\n<p>Here are a few strategies to foster a positive Manager experience:<\/p>\n<p>\u00a0<a href=\"https:\/\/carrefourrh.org\/ressources\/travailler-ensemble\/2022\/11\/experience-gestionnaire\" target=\"_blank\" rel=\"noopener\">Exp\u00e9rience employ\u00e9: Et l&#8217;exp\u00e9rience gestionnaire? (carrefourrh.org)<\/a><\/p>\n<p><a href=\"https:\/\/carrefourrh.org\/ressources\/4-strategies-experience-gestionnaire-positive\" target=\"_blank\" rel=\"noopener\">https:\/\/carrefourrh.org\/ressources\/4-strategies-experience-gestionnaire-positive<\/a><\/p>\n<h3>The Leader\u2019s Role in Transitioning to the New Normal<\/h3>\n<p>Expectations have escalated in the past few years.\u00a0 Here are a few tips to help leaders develop essential leadership skills.<\/p>\n<p><a href=\"https:\/\/www.lesaffaires.com\/dossiers-partenaires\/le-coaching-en-affaires\/soutenir-ses-gestionnaires-dans-la-transition-vers-le--nouveau-normal-\/629804\" target=\"_blank\" rel=\"noopener\">https:\/\/www.lesaffaires.com\/dossiers-partenaires\/le-coaching-en-affaires\/soutenir-ses-gestionnaires-dans-la-transition-vers-le&#8211;nouveau-normal-\/629804<\/a><\/p>\n<hr \/>\n<p style=\"text-align: justify;\">Follow us and learn more about the challenges that come with the development and management of sustained business growth and how to tackle these challenges.<\/p>\n<h2>Supporting managers through uncertain times<\/h2>\n<div>\n<p><img decoding=\"async\" class=\" wp-image-174 alignleft\" src=\"http:\/\/elancia.ca\/wp-content\/uploads\/2020\/11\/cadres-masques-en-reunion.jpg\" alt=\"Cadres masqu\u00e9s en r\u00e9union\" width=\"265\" srcset=\"https:\/\/elancia.ca\/wp-content\/uploads\/2020\/11\/cadres-masques-en-reunion.jpg 500w, https:\/\/elancia.ca\/wp-content\/uploads\/2020\/11\/cadres-masques-en-reunion-300x156.jpg 300w\" sizes=\"(max-width: 500px) 85vw, 500px\" \/><\/p>\n<p style=\"text-align: justify;\">With the pandemic, front-line managers have seen their roles change considerably as they are faced with many new challenges.<\/p>\n<\/div>\n<p style=\"clear: both;\">In these uncertain times, managers are expected to:<\/p>\n<ul>\n<li>Ensure implementation and compliance with evolving sanitary measures<\/li>\n<li>Address employee absenteeism linked to COVID (quarantine and anxiety) and family obligations<\/li>\n<li>Be responsive to their employees\u2019 new psychological needs<\/li>\n<li>Adapt to variations in the supply chain and to changes in production demands<\/li>\n<li>Reorganize work accordingly.<\/li>\n<\/ul>\n<p style=\"text-align: justify;\">Many managers will have the impression that they are \u201csandwiched\u201d between upper management and employees on many issues.\u00a0 Their stress level will increase considerably and as a result, \u00a0their emotional stability and their adaptation to new expectations will be difficult to achieve.<br \/>\nThe manager\u2019s behaviour will be remembered by his\/her staff in these difficult times and the employee experience will be intricately linked to the employer brand. <br \/>\nHuman Resource Professionals can make a difference in supporting managers in leading in the \u201cnew normal\u201d.<\/p>\n<h3>How can HR Professionals support managers in the \u201cnew normal\u201d?<\/h3>\n<ul>\n<li style=\"text-align: justify;\">\u00a0<em><strong>Regular and frequent communications adapted to the department\u2019s reality<\/strong><\/em><br \/>\nHR Professionals can assist managers in developing new reflexes and integrating regular communication in their workday.\u00a0 HR can assist the manager in determining the calendar and the most appropriate means to communicate. Employees need frequent communications to follow new procedures to prevent the spread of COVID.\u00a0 They also need to get a better understanding of the company\u2019s business issues and challenges to assess how this will affect them, personally.<\/p>\n<p>Communication is key to advising employees and circulating essential information as the situation develops.\u00a0 This will reassure staff and should also allow for opportunities to listen to their concerns and eventually address them.<\/p>\n<p>The fine line between our personal and professional lives has blurred.\u00a0 A manager who shows genuine interest in their employee\u2019s personal and family circumstances will more easily show empathy, will be able to respond in a most relevant manner and will be in a better position to influence \u00a0upper management and HR on people issues.<\/li>\n<li style=\"text-align: justify;\"><em><strong>Management and Communication Tools<\/strong><\/em><br \/>\nChecklists and handy reminders such as those found on the CNESST\u2019s website (specific to COVID) can certainly be helpful.\u00a0 Other communication tools that are easy and fun to use as well as visually catchy (an image for a message) will help managers communicate and remind staff of essential messages.<\/p>\n<p>In uncertain times, anxiety seems to take over and people tend to jump to conclusions (sometimes wrong) too quickly. These tools will certainly help emphasize essential messages.<\/li>\n<li style=\"text-align: justify;\"><em><strong>People management skills development<\/strong><\/em><br \/>\nLearning-in-action strategies are most appropriate in the context of COVID.<br \/>\nCo-development and discussion groups with colleagues can help the manager in adapting to the new normal and build resilience.\u00a0 The HR Professional will ensure that meetings (virtual or not) are held in a \u201csafe space\u201d conducive to learning and developing new management reflexes. \u00a0\u00a0Managers will address their most pressing concerns.<\/p>\n<p>Individual coaching will support the manager in addressing specific people management objectives, with a personalized approach.<\/li>\n<li style=\"text-align: justify;\"><em><strong>Promoting healthy lifestyle choices<\/strong><\/em><br \/>\nExpectations are high and managers can be overworked.\u00a0 An exhausted manager will not have the listening capabilities or the empathy that is expected.<\/p>\n<p>For remote work, the HR Professional can prepare a framework where expectations, flexibility and \u201cunplugging\u201d are addressed for the manager and the employee.\u00a0 As a result, a work\/personal life balance should be valued for both.<\/li>\n<\/ul>\n<p style=\"text-align: justify;\">The HR Professional can also propose different measures for the employer to value work\/personal life balance (exercise, rest, quality sleep, nutrition) for all staff, including management.<\/p>\n<p style=\"text-align: justify;\">Finally, an Employee Assistance Program is an essential service to provide timely support to managers and employees for personal issues in these uncertain times.<\/p>\n<p style=\"text-align: justify;\"><strong>Reading suggestion:<\/strong><br \/>\n<em>How do you know you work for a good manager in uncertain times?<\/em> Marcel Schwantes,<br \/>\nInc. Magazine, April 23 2020.<\/p>\n<hr \/>\n<h2>When recruiting strategies are not enough to fill jobs<\/h2>\n<p><img decoding=\"async\" class=\"alignleft  wp-image-80\" src=\"http:\/\/elancia.ca\/wp-content\/uploads\/2016\/10\/blog-2-300x225.jpg\" alt=\"Blog\" width=\"265\" srcset=\"https:\/\/elancia.ca\/wp-content\/uploads\/2016\/10\/blog-2-300x225.jpg 300w, https:\/\/elancia.ca\/wp-content\/uploads\/2016\/10\/blog-2-768x576.jpg 768w, https:\/\/elancia.ca\/wp-content\/uploads\/2016\/10\/blog-2-1024x768.jpg 1024w, https:\/\/elancia.ca\/wp-content\/uploads\/2016\/10\/blog-2-1200x900.jpg 1200w\" sizes=\"(max-width: 300px) 85vw, 300px\" \/><\/p>\n<p style=\"text-align: justify;\"><em>Finding and retaining competent workers are great concerns for the manufacturing industry.\u00a0 Whether a company is planning growth or not, the concern is the same.<\/em><\/p>\n<p style=\"text-align: justify;\"><em>While attending\u00a0the \u00ab\u00a0Usine 4.0\u00a0\u00bb conference in Montreal,\u00a0 the challenges of labour shortage came up in conversations with business leaders and in all presentations.\u00a0 It is obvious that this challenge has the potential to slow growth and reduce the ability to compete.<\/em><\/p>\n<p style=\"text-align: justify;\"><em>In fact, for many reasons, tough times are ahead for recruiting both, skilled and non-skilled workers, in most industries.<\/em><\/p>\n<p style=\"text-align: justify;\"><em>What can be done to attract and retain workers for key positions?<\/em><\/p>\n<h3>6 Steps for a better strategy<\/h3>\n<ol>\n<li>Clarify your business strategy and your vision for the future<\/li>\n<li>Identify the impact on work (what will be eliminated, modified or added)<\/li>\n<li>Redefine the division of work to be done and the workflow (roles, responsibilities, jobs, new technology )<\/li>\n<li>Identify new skills and related training<\/li>\n<li>Examine the company\u2019s workforce profile ( skills, age, retirements, retention rates..)and identify critical issues<\/li>\n<li style=\"text-align: justify;\">Identify strategies to reduce vulnerabilities and fill key positions<\/li>\n<\/ol>\n<p style=\"text-align: justify;\">With a clear vision of the future, you will have a better picture of your workforce needs, the number of workers and the required skills.\u00a0 You may find that your needs are different (numbers, roles, competencies).<\/p>\n<p style=\"text-align: justify;\">With this strategy, you will invest in targeted recruitment, the development of relevant skills for the future and in new programs, such as succession planning, focused on your future-based needs.<\/p>\n<p style=\"text-align: justify;\">Instead of recruiting staff skilled for positions that will change in the near-future, and will eventually leave, \u00a0you will increase your retention rate of new-recruits and key employees.\u00a0<\/p>\n<p style=\"text-align: justify;\">Furthermore, labour-related costs will be used strategically, efficiently, and in line with business objectives.<\/p>\n<hr \/>\n<h2>How to identify key employees?<\/h2>\n<p><img loading=\"lazy\" decoding=\"async\" class=\"alignleft size-medium wp-image-66\" src=\"http:\/\/elancia.ca\/wp-content\/uploads\/2016\/09\/blogue-2-300x197.jpg\" alt=\"Blogue\" width=\"300\" height=\"197\" srcset=\"https:\/\/elancia.ca\/wp-content\/uploads\/2016\/09\/blogue-2-300x197.jpg 300w, https:\/\/elancia.ca\/wp-content\/uploads\/2016\/09\/blogue-2-768x504.jpg 768w, https:\/\/elancia.ca\/wp-content\/uploads\/2016\/09\/blogue-2-1024x673.jpg 1024w, https:\/\/elancia.ca\/wp-content\/uploads\/2016\/09\/blogue-2-1200x788.jpg 1200w\" sizes=\"auto, (max-width: 300px) 85vw, 300px\" \/><\/p>\n<p style=\"text-align: justify;\"><em>In times of uncertainty and change, we need to know who will step up to the plate, and contribute\u00a0 to facing tomorrow\u2019s challenges.\u00a0<\/em><em>Now, who are these employees?\u00a0 Have they been with the company for many years or are they new recruits?\u00a0<\/em><em>More often than not, we tend to come to the wrong conclusions.\u00a0<\/em><em>Inevitably, it all depends on our vision for the future.<\/em><\/p>\n<p>&nbsp;<\/p>\n<h3>Part I\u00a0:\u00a0 Determine your plan for the future<\/h3>\n<p>In order to identify key employees, you will need a clear road map for growth.\u00a0 A vision of where you want your company to be in the next few years and an action plan to achieve your vision, including who will do what and when.<\/p>\n<p>Your business strategy for the coming years as well as your action plan to achieve growth and implement change will help identify the impact on employees and their work, such as\u00a0:<\/p>\n<ul>\n<li><strong><em>New tasks and work methods<\/em><br \/>\n<\/strong>Will certain tasks be modified or eliminated?\u00a0 Are changes to roles and responsibilities, part of the plan?\u00a0 Will training and coaching be required to succeed?<\/li>\n<li><strong><em>Implementing new technology<\/em><br \/>\n<\/strong>Is the purchase of new equipment required? Will staff need training?\u00a0<\/li>\n<\/ul>\n<p>Your banker or investor will like to know that your key employees are on board.<\/p>\n<h3>Part II:\u00a07 steps to your action plan<\/h3>\n<p>Once you have determined your road map for growth, effectively communicating it and engaging your employees will make a significant difference in achieving it.<\/p>\n<ol>\n<li>Communicate your vision for the future to all teams in many different ways (formal and informal meetings), with regular updates<\/li>\n<li>Clarify and communicate your expectations\u00a0: \u00a0expected behaviour, performance<\/li>\n<li>Give voice to employee concerns<\/li>\n<li>Foster the identification of stumbling blocks and problem-solving<\/li>\n<li>Clarify and explain changes to the work to be done, and to roles and responsibilities<\/li>\n<li>Engage and inspire employees to contribute to small projects connected to the plan of the future and acknowledge success<\/li>\n<li>Promote skill development and value continuous learning (training, coaching)<\/li>\n<\/ol>\n<p><strong><em>So, who are your key employees?<\/em><\/strong><\/p>\n<p style=\"text-align: justify;\">A key employee could be a new or a long-standing employee.\u00a0 Seniority is definitely not a factor. It is the attitude towards change that will give you a good indication.<\/p>\n<p style=\"text-align: justify;\">Throughout the 7 steps, notice the employees who are open to change and exemplify team work.\u00a0 Be aware of those who take initiative in identifying roadblocks and finding solutions.<\/p>\n<p style=\"text-align: justify;\">Finally, discover those who have the potential and the interest to learn and to grow.<\/p>\n<p style=\"text-align: justify;\">Your key employees will surface if they are well-informed and engaged in your growth plan.\u00a0 They are your best allies for success!<\/p>\n<hr \/>\n<p>&nbsp;<\/p>\n","protected":false},"excerpt":{"rendered":"<p>Articles recently published\u2026 English content to come shortly! \u00a0Executive Team or a Pseudo-Team? Systemic team coaching will support the Executive team in developing new reflexes to be able to work \u00a0better together, as a team. [&hellip;] <a class=\"moretag\" href=\"https:\/\/elancia.ca\/en\/blog\/\">More<\/a><\/p>\n","protected":false},"author":2,"featured_media":0,"parent":0,"menu_order":5,"comment_status":"closed","ping_status":"closed","template":"","meta":{"_acf_changed":false,"footnotes":""},"class_list":["post-42","page","type-page","status-publish","hentry"],"acf":[],"yoast_head":"<!-- This site is optimized with the Yoast SEO plugin v27.3 - https:\/\/yoast.com\/product\/yoast-seo-wordpress\/ -->\n<title>Blog - \u00c9lancia<\/title>\n<meta name=\"robots\" content=\"index, follow, max-snippet:-1, max-image-preview:large, max-video-preview:-1\" \/>\n<link rel=\"canonical\" href=\"https:\/\/elancia.ca\/en\/blog\/\" \/>\n<meta property=\"og:locale\" content=\"en_US\" \/>\n<meta property=\"og:type\" content=\"article\" \/>\n<meta property=\"og:title\" content=\"Blog - \u00c9lancia\" \/>\n<meta property=\"og:description\" content=\"Articles recently published\u2026 English content to come shortly! \u00a0Executive Team or a Pseudo-Team? Systemic team coaching will support the Executive team in developing new reflexes to be able to work \u00a0better together, as a team. [&hellip;] More\" \/>\n<meta property=\"og:url\" content=\"https:\/\/elancia.ca\/en\/blog\/\" \/>\n<meta property=\"og:site_name\" content=\"\u00c9lancia\" \/>\n<meta property=\"article:modified_time\" content=\"2023-02-13T14:05:50+00:00\" \/>\n<meta property=\"og:image\" content=\"http:\/\/elancia.ca\/wp-content\/uploads\/2023\/02\/reunion-meeting.jpg\" \/>\n<meta name=\"twitter:card\" content=\"summary_large_image\" \/>\n<meta name=\"twitter:label1\" content=\"Est. reading time\" \/>\n\t<meta name=\"twitter:data1\" content=\"8 minutes\" \/>\n<script type=\"application\/ld+json\" class=\"yoast-schema-graph\">{\"@context\":\"https:\\\/\\\/schema.org\",\"@graph\":[{\"@type\":\"WebPage\",\"@id\":\"https:\\\/\\\/elancia.ca\\\/en\\\/blog\\\/\",\"url\":\"https:\\\/\\\/elancia.ca\\\/en\\\/blog\\\/\",\"name\":\"Blog - \u00c9lancia\",\"isPartOf\":{\"@id\":\"https:\\\/\\\/elancia.ca\\\/en\\\/#website\"},\"primaryImageOfPage\":{\"@id\":\"https:\\\/\\\/elancia.ca\\\/en\\\/blog\\\/#primaryimage\"},\"image\":{\"@id\":\"https:\\\/\\\/elancia.ca\\\/en\\\/blog\\\/#primaryimage\"},\"thumbnailUrl\":\"http:\\\/\\\/elancia.ca\\\/wp-content\\\/uploads\\\/2023\\\/02\\\/reunion-meeting.jpg\",\"datePublished\":\"2016-10-01T15:02:08+00:00\",\"dateModified\":\"2023-02-13T14:05:50+00:00\",\"breadcrumb\":{\"@id\":\"https:\\\/\\\/elancia.ca\\\/en\\\/blog\\\/#breadcrumb\"},\"inLanguage\":\"en-US\",\"potentialAction\":[{\"@type\":\"ReadAction\",\"target\":[\"https:\\\/\\\/elancia.ca\\\/en\\\/blog\\\/\"]}]},{\"@type\":\"ImageObject\",\"inLanguage\":\"en-US\",\"@id\":\"https:\\\/\\\/elancia.ca\\\/en\\\/blog\\\/#primaryimage\",\"url\":\"http:\\\/\\\/elancia.ca\\\/wp-content\\\/uploads\\\/2023\\\/02\\\/reunion-meeting.jpg\",\"contentUrl\":\"http:\\\/\\\/elancia.ca\\\/wp-content\\\/uploads\\\/2023\\\/02\\\/reunion-meeting.jpg\"},{\"@type\":\"BreadcrumbList\",\"@id\":\"https:\\\/\\\/elancia.ca\\\/en\\\/blog\\\/#breadcrumb\",\"itemListElement\":[{\"@type\":\"ListItem\",\"position\":1,\"name\":\"Accueil\",\"item\":\"https:\\\/\\\/elancia.ca\\\/en\\\/\"},{\"@type\":\"ListItem\",\"position\":2,\"name\":\"Blog\"}]},{\"@type\":\"WebSite\",\"@id\":\"https:\\\/\\\/elancia.ca\\\/en\\\/#website\",\"url\":\"https:\\\/\\\/elancia.ca\\\/en\\\/\",\"name\":\"\u00c9lancia\",\"description\":\"Votre \u00e9lan vers la croissance\",\"potentialAction\":[{\"@type\":\"SearchAction\",\"target\":{\"@type\":\"EntryPoint\",\"urlTemplate\":\"https:\\\/\\\/elancia.ca\\\/en\\\/?s={search_term_string}\"},\"query-input\":{\"@type\":\"PropertyValueSpecification\",\"valueRequired\":true,\"valueName\":\"search_term_string\"}}],\"inLanguage\":\"en-US\"}]}<\/script>\n<!-- \/ Yoast SEO plugin. -->","yoast_head_json":{"title":"Blog - \u00c9lancia","robots":{"index":"index","follow":"follow","max-snippet":"max-snippet:-1","max-image-preview":"max-image-preview:large","max-video-preview":"max-video-preview:-1"},"canonical":"https:\/\/elancia.ca\/en\/blog\/","og_locale":"en_US","og_type":"article","og_title":"Blog - \u00c9lancia","og_description":"Articles recently published\u2026 English content to come shortly! \u00a0Executive Team or a Pseudo-Team? Systemic team coaching will support the Executive team in developing new reflexes to be able to work \u00a0better together, as a team. [&hellip;] More","og_url":"https:\/\/elancia.ca\/en\/blog\/","og_site_name":"\u00c9lancia","article_modified_time":"2023-02-13T14:05:50+00:00","og_image":[{"url":"http:\/\/elancia.ca\/wp-content\/uploads\/2023\/02\/reunion-meeting.jpg","type":"","width":"","height":""}],"twitter_card":"summary_large_image","twitter_misc":{"Est. reading time":"8 minutes"},"schema":{"@context":"https:\/\/schema.org","@graph":[{"@type":"WebPage","@id":"https:\/\/elancia.ca\/en\/blog\/","url":"https:\/\/elancia.ca\/en\/blog\/","name":"Blog - \u00c9lancia","isPartOf":{"@id":"https:\/\/elancia.ca\/en\/#website"},"primaryImageOfPage":{"@id":"https:\/\/elancia.ca\/en\/blog\/#primaryimage"},"image":{"@id":"https:\/\/elancia.ca\/en\/blog\/#primaryimage"},"thumbnailUrl":"http:\/\/elancia.ca\/wp-content\/uploads\/2023\/02\/reunion-meeting.jpg","datePublished":"2016-10-01T15:02:08+00:00","dateModified":"2023-02-13T14:05:50+00:00","breadcrumb":{"@id":"https:\/\/elancia.ca\/en\/blog\/#breadcrumb"},"inLanguage":"en-US","potentialAction":[{"@type":"ReadAction","target":["https:\/\/elancia.ca\/en\/blog\/"]}]},{"@type":"ImageObject","inLanguage":"en-US","@id":"https:\/\/elancia.ca\/en\/blog\/#primaryimage","url":"http:\/\/elancia.ca\/wp-content\/uploads\/2023\/02\/reunion-meeting.jpg","contentUrl":"http:\/\/elancia.ca\/wp-content\/uploads\/2023\/02\/reunion-meeting.jpg"},{"@type":"BreadcrumbList","@id":"https:\/\/elancia.ca\/en\/blog\/#breadcrumb","itemListElement":[{"@type":"ListItem","position":1,"name":"Accueil","item":"https:\/\/elancia.ca\/en\/"},{"@type":"ListItem","position":2,"name":"Blog"}]},{"@type":"WebSite","@id":"https:\/\/elancia.ca\/en\/#website","url":"https:\/\/elancia.ca\/en\/","name":"\u00c9lancia","description":"Votre \u00e9lan vers la croissance","potentialAction":[{"@type":"SearchAction","target":{"@type":"EntryPoint","urlTemplate":"https:\/\/elancia.ca\/en\/?s={search_term_string}"},"query-input":{"@type":"PropertyValueSpecification","valueRequired":true,"valueName":"search_term_string"}}],"inLanguage":"en-US"}]}},"_links":{"self":[{"href":"https:\/\/elancia.ca\/en\/wp-json\/wp\/v2\/pages\/42","targetHints":{"allow":["GET"]}}],"collection":[{"href":"https:\/\/elancia.ca\/en\/wp-json\/wp\/v2\/pages"}],"about":[{"href":"https:\/\/elancia.ca\/en\/wp-json\/wp\/v2\/types\/page"}],"author":[{"embeddable":true,"href":"https:\/\/elancia.ca\/en\/wp-json\/wp\/v2\/users\/2"}],"replies":[{"embeddable":true,"href":"https:\/\/elancia.ca\/en\/wp-json\/wp\/v2\/comments?post=42"}],"version-history":[{"count":18,"href":"https:\/\/elancia.ca\/en\/wp-json\/wp\/v2\/pages\/42\/revisions"}],"predecessor-version":[{"id":258,"href":"https:\/\/elancia.ca\/en\/wp-json\/wp\/v2\/pages\/42\/revisions\/258"}],"wp:attachment":[{"href":"https:\/\/elancia.ca\/en\/wp-json\/wp\/v2\/media?parent=42"}],"curies":[{"name":"wp","href":"https:\/\/api.w.org\/{rel}","templated":true}]}}